{"id":9491,"date":"2021-12-29T22:03:21","date_gmt":"2021-12-29T20:03:21","guid":{"rendered":"https:\/\/www.kinepedia.be\/?page_id=9491"},"modified":"2022-01-30T14:49:04","modified_gmt":"2022-01-30T12:49:04","slug":"movekids","status":"publish","type":"page","link":"https:\/\/kinepedia.be\/fr\/movekids\/","title":{"rendered":"Movekids"},"content":{"rendered":"<p>Le projet MOVEKIDS est n\u00e9 de l'id\u00e9e de promouvoir le d\u00e9veloppement moteur des enfants par des campagnes simples et accessibles.&nbsp;<\/p>\n<p>Un premier th\u00e8me est<strong>\"La magie de la position ventrale\"<\/strong> avec lequel nous voulons sensibiliser les jeunes parents et les personnes qui s'occupent d'enfants \u00e0 coucher r\u00e9guli\u00e8rement leurs b\u00e9b\u00e9s sur le ventre d\u00e8s le plus jeune \u00e2ge. Ce projet est subventionn\u00e9 par Zorg Vlaanderen et soutenu par Kind en Gezin.<\/p>\n<p>Vous pouvez trouver plus d'informations sur&nbsp; &nbsp;<a href=\"https:\/\/www.movekids.be\/fr\/La-magie-de-la-position-ventrale\/\" target=\"_blank\" rel=\"noopener\">MOVEKIDS.BE<\/a><\/p>\n<p><img loading=\"lazy\" decoding=\"async\" src=\"https:\/\/kinepedia.be\/wp-content\/uploads\/2022\/01\/Magie-buiklig-FR-scaled.jpg\" alt=\"\" srcset=\"https:\/\/kinepedia.be\/wp-content\/uploads\/2022\/01\/Magie-buiklig-FR-scaled.jpg 2048w, https:\/\/kinepedia.be\/wp-content\/uploads\/2022\/01\/Magie-buiklig-FR-300x212.jpg 300w, https:\/\/kinepedia.be\/wp-content\/uploads\/2022\/01\/Magie-buiklig-FR-1024x724.jpg 1024w, https:\/\/kinepedia.be\/wp-content\/uploads\/2022\/01\/Magie-buiklig-FR-768x543.jpg 768w, https:\/\/kinepedia.be\/wp-content\/uploads\/2022\/01\/Magie-buiklig-FR-1536x1086.jpg 1536w, https:\/\/kinepedia.be\/wp-content\/uploads\/2022\/01\/Magie-buiklig-FR-18x12.jpg 18w, https:\/\/kinepedia.be\/wp-content\/uploads\/2022\/01\/Magie-buiklig-FR-370x262.jpg 370w\" sizes=\"auto, (max-width: 1024px) 100vw, 1024px\" width=\"1024\" height=\"724\"><\/p>\n<h2><a href=\"https:\/\/www.mobility-concept.be\/\" target=\"_blank\" rel=\"noopener\">Sponsors <\/a><\/h2>\n<p><a href=\"https:\/\/www.mobility-concept.be\/\" target=\"_blank\" rel=\"noopener\"><img decoding=\"async\" src=\"https:\/\/www.kinepedia.be\/wp-content\/uploads\/2021\/09\/368175856_mobility_concept_logo.png\" alt=\"368175856_mobility_concept_logo\" loading=\"lazy\"><\/a><a href=\"https:\/\/neuro-bionics.eu\/fr\/accueil\/\" target=\"_blank\" rel=\"noopener\"><img decoding=\"async\" src=\"https:\/\/www.kinepedia.be\/wp-content\/uploads\/2021\/09\/LOGO-NB.jpg\" alt=\"LOGO NB\" loading=\"lazy\"><\/a><a href=\"https:\/\/orthomedico.eu\/\" target=\"_blank\" rel=\"noopener\"><img decoding=\"async\" src=\"https:\/\/www.kinepedia.be\/wp-content\/uploads\/2021\/09\/Logo-Ortho-Medico.png\" alt=\"Logo Ortho-Medico\" loading=\"lazy\"><\/a><a href=\"https:\/\/www.orteam.be\/\" target=\"_blank\" rel=\"noopener\"><img decoding=\"async\" src=\"https:\/\/www.kinepedia.be\/wp-content\/uploads\/2021\/09\/orteam_1.png\" alt=\"outeam_1\" loading=\"lazy\"><\/a><a href=\"https:\/\/www.cgm.com\/be\/index.fr.jsp\" target=\"_blank\" rel=\"noopener\"><img decoding=\"async\" src=\"https:\/\/www.kinepedia.be\/wp-content\/uploads\/2021\/09\/CGM-Logo.png\" alt=\"Logo CGM\" loading=\"lazy\"><\/a><\/p>","protected":false},"excerpt":{"rendered":"<p>Het project MOVEKIDS is ontstaan vanuit het idee om de motorische ontwikkeling van kinderen te stimuleren met eenvoudige en toegankelijke campagnes.&nbsp; Een eerste onderwerp is &#8216;De magie van buiklig&#8217; waarmee [&hellip;]<\/p>\n","protected":false},"author":10,"featured_media":0,"parent":0,"menu_order":5,"comment_status":"closed","ping_status":"closed","template":"","meta":{"footnotes":""},"class_list":["post-9491","page","type-page","status-publish","hentry","no-thumb"],"_links":{"self":[{"href":"https:\/\/kinepedia.be\/fr\/wp-json\/wp\/v2\/pages\/9491","targetHints":{"allow":["GET"]}}],"collection":[{"href":"https:\/\/kinepedia.be\/fr\/wp-json\/wp\/v2\/pages"}],"about":[{"href":"https:\/\/kinepedia.be\/fr\/wp-json\/wp\/v2\/types\/page"}],"author":[{"embeddable":true,"href":"https:\/\/kinepedia.be\/fr\/wp-json\/wp\/v2\/users\/10"}],"replies":[{"embeddable":true,"href":"https:\/\/kinepedia.be\/fr\/wp-json\/wp\/v2\/comments?post=9491"}],"version-history":[{"count":0,"href":"https:\/\/kinepedia.be\/fr\/wp-json\/wp\/v2\/pages\/9491\/revisions"}],"wp:attachment":[{"href":"https:\/\/kinepedia.be\/fr\/wp-json\/wp\/v2\/media?parent=9491"}],"curies":[{"name":"wp","href":"https:\/\/api.w.org\/{rel}","templated":true}]}}